{"id":1784,"date":"2024-12-09T08:43:06","date_gmt":"2024-12-09T08:43:06","guid":{"rendered":"https:\/\/latour-travelpoints.de\/?page_id=1784"},"modified":"2024-12-09T09:12:37","modified_gmt":"2024-12-09T09:12:37","slug":"algemene-voorwaarden","status":"publish","type":"page","link":"https:\/\/latour-travelpoints.de\/de\/algemene-voorwaarden\/","title":{"rendered":"Allgemeine Bedingungen"},"content":{"rendered":"<div data-elementor-type=\"wp-page\" data-elementor-id=\"1784\" class=\"elementor elementor-1784\" data-elementor-post-type=\"page\">\n\t\t\t\t\t\t<section class=\"elementor-section elementor-top-section elementor-element elementor-element-ab2849c elementor-section-stretched elementor-section-boxed elementor-section-height-default elementor-section-height-default\" data-id=\"ab2849c\" data-element_type=\"section\" data-settings=\"{&quot;stretch_section&quot;:&quot;section-stretched&quot;,&quot;background_background&quot;:&quot;classic&quot;}\">\n\t\t\t\t\t\t<div class=\"elementor-container elementor-column-gap-no\">\n\t\t\t\t\t<div class=\"elementor-column elementor-col-100 elementor-top-column elementor-element elementor-element-74316a8\" data-id=\"74316a8\" data-element_type=\"column\">\n\t\t\t<div class=\"elementor-widget-wrap elementor-element-populated\">\n\t\t\t\t\t\t<div class=\"elementor-element elementor-element-d745c5c elementor-widget elementor-widget-heading\" data-id=\"d745c5c\" data-element_type=\"widget\" data-widget_type=\"heading.default\">\n\t\t\t\t<div class=\"elementor-widget-container\">\n\t\t\t\t\t<h2 class=\"elementor-heading-title elementor-size-default\">Allgemeine Bedingungen<\/h2>\t\t\t\t<\/div>\n\t\t\t\t<\/div>\n\t\t\t\t\t<\/div>\n\t\t<\/div>\n\t\t\t\t\t<\/div>\n\t\t<\/section>\n\t\t\t\t<section class=\"elementor-section elementor-top-section elementor-element elementor-element-981e643 elementor-section-boxed elementor-section-height-default elementor-section-height-default\" data-id=\"981e643\" data-element_type=\"section\">\n\t\t\t\t\t\t<div class=\"elementor-container elementor-column-gap-custom\">\n\t\t\t\t\t<div class=\"elementor-column elementor-col-100 elementor-top-column elementor-element elementor-element-aea9252\" data-id=\"aea9252\" data-element_type=\"column\">\n\t\t\t<div class=\"elementor-widget-wrap elementor-element-populated\">\n\t\t\t\t\t\t<div class=\"elementor-element elementor-element-c30b8a6 elementor-widget elementor-widget-text-editor\" data-id=\"c30b8a6\" data-element_type=\"widget\" data-widget_type=\"text-editor.default\">\n\t\t\t\t<div class=\"elementor-widget-container\">\n\t\t\t\t\t\t\t\t\t<p><strong>1. Zielsetzung und Funktionsweise von Latour Travelpoints<\/strong><br \/>Latour Travelpoints ist ein Sparprogramm, mit dem Kunden bei der Buchung von Pauschalreisen Punkte sammeln k\u00f6nnen. Die gesammelten Punkte k\u00f6nnen gegen Geschenke oder Geschenkgutscheine f\u00fcr unser Reiseb\u00fcro eingel\u00f6st werden. Punkte k\u00f6nnen nur bei der Buchung von Pauschalreisen gesammelt werden und nicht f\u00fcr einzelne Fl\u00fcge, Hotels, Extras wie aufgegebenes Gep\u00e4ck, Sitzplatzreservierungen, Taxis, Ausfl\u00fcge oder andere Dienstleistungen.<\/p><p><strong>2. Sammeln und Einl\u00f6sen von Punkten<\/strong><\/p><ul><li><strong>Sammeln von Punkten<\/strong>: F\u00fcr jede 10 Euro, die f\u00fcr eine Pauschalreise ausgegeben werden, erh\u00e4lt der Kunde 1 Travelpoint. Latour Travelpoints beh\u00e4lt sich das Recht vor, den Wert der Punkte in der Zwischenzeit zu \u00e4ndern, so dass der Kunde mehr oder weniger Punkte pro ausgegebenem Euro erhalten kann.<\/li><li><strong>Einl\u00f6sen von Punkten<\/strong>: Die Punkte k\u00f6nnen nur gegen Geschenke oder Geschenkgutscheine eingel\u00f6st werden, die bei Latour Travelpoints f\u00fcr zuk\u00fcnftige Buchungen verwendet werden k\u00f6nnen. Geschenkgutscheine sind nicht f\u00fcr bestehende Buchungen g\u00fcltig.<\/li><li><strong>Keine Mindest- oder H\u00f6chstzahlen<\/strong>: Es gibt keine Beschr\u00e4nkungen f\u00fcr die Anzahl der Punkte, die gesammelt oder eingel\u00f6st werden k\u00f6nnen.<\/li><\/ul><p><strong>3. G\u00fcltigkeit der Punkte<\/strong><\/p><ul><li class=\"translation-block\"><strong>G\u00fcltigkeit<\/strong>: Reisepunkte sind ab dem Zeitpunkt ihrer Erlangung 3 Jahre lang g\u00fcltig.<\/li><li><strong>Verfall von Punkten<\/strong>: Die Punkte verfallen automatisch nach 3 Jahren. Im Falle eines Betrugs wird das Konto sofort gek\u00fcndigt, und die Punkte verfallen. Kunden k\u00f6nnen ihr Konto auch selbst k\u00fcndigen, woraufhin die Punkte verfallen.<\/li><\/ul><p><strong>4. \u00dcbertragung von Punkten<\/strong><\/p><ul><li><strong>\u00dcbertragung von Punkten<\/strong>: Zugewiesene Punkte k\u00f6nnen nicht auf ein anderes Konto \u00fcbertragen werden. Die Kunden k\u00f6nnen jedoch bei der Buchung angeben, dass sie die Punkte auf ein anderes Konto \u00fcbertragen m\u00f6chten.<\/li><li><strong>Zusammenlegung von Konten<\/strong>: Es ist nicht m\u00f6glich, Punkte von verschiedenen Konten zusammenzulegen.<\/li><\/ul><p><strong>5. Punkte Probleme<\/strong><\/p><ul><li><strong>Nicht gutgeschriebene Punkte<\/strong>: Wenn Kunden feststellen, dass Punkte nicht gutgeschrieben wurden, k\u00f6nnen sie \u00fcber die Option \"Punkte nicht erhalten\" auf My Rewards eine Anfrage stellen. Diese Anfrage wird gepr\u00fcft, und wenn sie korrekt ist, werden die Punkte dennoch innerhalb von 14 Tagen gutgeschrieben. Latour Travelpoints gibt es seit dem 12. Dezember 2024, d.h. Buchungen, die ab diesem Datum get\u00e4tigt werden, k\u00f6nnen an dem Programm teilnehmen.<\/li><li><strong>Fehler bei der Punktevergabe<\/strong>: Im Falle von Unklarheiten oder Fehlern k\u00f6nnen sich die Kunden per E-Mail an folgende Adresse wenden <a rel=\"noopener\">info@latour-travelpoints.de<\/a>.<\/li><\/ul><p><strong>6. \u00c4nderungen am Programm<\/strong><br \/>Latour Travelpoints beh\u00e4lt sich das Recht vor, die Bedingungen des Programms jederzeit zu \u00e4ndern, ohne den Kunden dar\u00fcber zu informieren.<\/p><p class=\"translation-block\"><strong>7. Haftung<\/strong><br>Latour Travelpoints \u00fcbernimmt keine Haftung f\u00fcr den Verlust von Punkten, technische Probleme oder Fehler im Programm. Die Nutzung des Programms erfolgt vollst\u00e4ndig auf eigenes Risiko des Kunden.<\/p><p class=\"translation-block\"><strong>8. Datenschutz und Datenverarbeitung<\/strong><br>Latour Travelpoints sammelt nur die folgenden Daten: E-Mail-Adresse, Kundennummer und die Anzahl der gesammelten Punkte. Kunden stimmen zu, dass diese Daten in unserem Online-Portal gespeichert und ausschlie\u00dflich f\u00fcr die Verwaltung des Treueprogramms verwendet werden.<\/p><p class=\"translation-block\"><strong>9. Beendigung des Programms<\/strong><br>Latour Travelpoints beh\u00e4lt sich das Recht vor, das Programm jederzeit zu beenden. In diesem Fall verfallen alle gesammelten Punkte, und Kunden haben keinen Anspruch auf Entsch\u00e4digung. Bei Beendigung des Programms verfallen alle Rechte und Vorteile, die mit den Punkten verbunden sind.<\/p><p class=\"translation-block\"><strong>10. Garantie und Beschwerden<\/strong><br>Latour Travelpoints gew\u00e4hrt keine Garantie auf die Produkte, die \u00fcber das Programm bezogen werden. Etwaige Garantien oder Beschwerden bez\u00fcglich der Produkte m\u00fcssen direkt beim Hersteller oder Lieferanten des Produkts eingereicht werden. Kunden sind selbst f\u00fcr die Bearbeitung von Garantieanspr\u00fcchen verantwortlich. Latour Travelpoints kann keine Vermittlung anbieten oder f\u00fcr die Produkte, die \u00fcber das Programm bezogen wurden, verantwortlich gemacht werden.<\/p><p class=\"translation-block\"><strong>11. Anwendbares Recht<\/strong><br>F\u00fcr diese Bedingungen gilt das deutsche Recht, und das Programm unterliegt der Gerichtsbarkeit von Nordrhein-Westfalen, Deutschland.<\/p>\t\t\t\t\t\t\t\t<\/div>\n\t\t\t\t<\/div>\n\t\t\t\t\t<\/div>\n\t\t<\/div>\n\t\t\t\t\t<\/div>\n\t\t<\/section>\n\t\t\t\t<\/div>","protected":false},"excerpt":{"rendered":"<p>Algemene voorwaarden 1. Doelen en werking van Latour TravelpointsLatour Travelpoints is een spaarprogramma waarmee klanten punten kunnen verzamelen bij het boeken van pakketreizen. De verzamelde&#8230;<\/p>","protected":false},"author":1,"featured_media":0,"parent":0,"menu_order":0,"comment_status":"closed","ping_status":"closed","template":"","meta":{"footnotes":""},"class_list":["post-1784","page","type-page","status-publish","hentry"],"_links":{"self":[{"href":"https:\/\/latour-travelpoints.de\/de\/wp-json\/wp\/v2\/pages\/1784","targetHints":{"allow":["GET"]}}],"collection":[{"href":"https:\/\/latour-travelpoints.de\/de\/wp-json\/wp\/v2\/pages"}],"about":[{"href":"https:\/\/latour-travelpoints.de\/de\/wp-json\/wp\/v2\/types\/page"}],"author":[{"embeddable":true,"href":"https:\/\/latour-travelpoints.de\/de\/wp-json\/wp\/v2\/users\/1"}],"replies":[{"embeddable":true,"href":"https:\/\/latour-travelpoints.de\/de\/wp-json\/wp\/v2\/comments?post=1784"}],"version-history":[{"count":10,"href":"https:\/\/latour-travelpoints.de\/de\/wp-json\/wp\/v2\/pages\/1784\/revisions"}],"predecessor-version":[{"id":1797,"href":"https:\/\/latour-travelpoints.de\/de\/wp-json\/wp\/v2\/pages\/1784\/revisions\/1797"}],"wp:attachment":[{"href":"https:\/\/latour-travelpoints.de\/de\/wp-json\/wp\/v2\/media?parent=1784"}],"curies":[{"name":"wp","href":"https:\/\/api.w.org\/{rel}","templated":true}]}}