{"id":1582,"date":"2024-09-18T08:37:15","date_gmt":"2024-09-18T08:37:15","guid":{"rendered":"https:\/\/latour-travelpoints.de\/?post_type=product&#038;p=1582"},"modified":"2024-12-11T14:53:23","modified_gmt":"2024-12-11T13:53:23","slug":"cabin-zero-rugzak","status":"publish","type":"product","link":"https:\/\/latour-travelpoints.de\/de\/produkt\/cabin-zero-rugzak\/","title":{"rendered":"Cabin Zero Rucksack"},"content":{"rendered":"<p><strong>Black Cabin Zero Backpack - Der perfekte Reisebegleiter<\/strong><\/p>\n<p>Reisen mit Stil und Leichtigkeit mit dem <strong>schwarzer Cabin Zero Rucksack<\/strong>entworfen f\u00fcr den modernen Reisenden. Dieser leichte und strapazierf\u00e4hige Rucksack ist ideal f\u00fcr Kurztrips, Fl\u00fcge oder als Alltagstasche geeignet und bietet gen\u00fcgend Platz f\u00fcr alle wichtigen Dinge, ohne dass Sie auf Komfort verzichten m\u00fcssen.<\/p>\n<h3><strong>Merkmale:<\/strong><\/h3>\n<ul>\n<li><strong>Ger\u00e4umig innen<\/strong>Der Cabin Zero Rucksack verf\u00fcgt \u00fcber ein ger\u00e4umiges Hauptfach und mehrere Taschen, in denen Sie Ihre Sachen wie Kleidung, Elektronik und Zubeh\u00f6r verstauen k\u00f6nnen.<\/li>\n<li><strong>Leicht und praktisch<\/strong>Der Rucksack ist aus strapazierf\u00e4higem, wasserabweisendem Material gefertigt und wiegt kaum etwas, so dass Sie ihn m\u00fchelos tragen k\u00f6nnen.<\/li>\n<li><strong>Praktisch f\u00fcr Kabinengep\u00e4ck<\/strong>Die Tasche entspricht den Ma\u00dfen des Handgep\u00e4cks, so dass Sie sie problemlos mit ins Flugzeug nehmen k\u00f6nnen, ohne sich Gedanken \u00fcber die Einreise machen zu m\u00fcssen.<\/li>\n<li><strong>Bequemes Tragen<\/strong>: Die Schultergurte sind ergonomisch geformt und bieten optimalen Komfort, auch auf langen Reisen oder Spazierg\u00e4ngen.<\/li>\n<\/ul>\n<p>Mit dem <strong>schwarzer Cabin Zero Rucksack<\/strong> sind Sie immer gut vorbereitet und stilvoll unterwegs. Die ideale Tasche f\u00fcr jeden Reisenden, der Komfort und Qualit\u00e4t sch\u00e4tzt.<\/p>","protected":false},"excerpt":{"rendered":"<p>Zwarte Cabin Zero Rugzak \u2013 De perfecte reisgenoot Reis in stijl en met gemak met de zwarte Cabin Zero rugzak, ontworpen voor de moderne reiziger&#8230;.<\/p>","protected":false},"featured_media":1765,"template":"","meta":[],"etheme_brands":[],"product_brand":[],"product_cat":[69],"product_tag":[],"class_list":{"0":"post-1582","1":"product","2":"type-product","3":"status-publish","4":"has-post-thumbnail","6":"product_cat-bagage","8":"first","9":"instock","10":"sold-individually","11":"shipping-taxable","12":"purchasable","13":"product-type-simple"},"_links":{"self":[{"href":"https:\/\/latour-travelpoints.de\/de\/wp-json\/wp\/v2\/product\/1582","targetHints":{"allow":["GET"]}}],"collection":[{"href":"https:\/\/latour-travelpoints.de\/de\/wp-json\/wp\/v2\/product"}],"about":[{"href":"https:\/\/latour-travelpoints.de\/de\/wp-json\/wp\/v2\/types\/product"}],"version-history":[{"count":4,"href":"https:\/\/latour-travelpoints.de\/de\/wp-json\/wp\/v2\/product\/1582\/revisions"}],"predecessor-version":[{"id":2009,"href":"https:\/\/latour-travelpoints.de\/de\/wp-json\/wp\/v2\/product\/1582\/revisions\/2009"}],"wp:featuredmedia":[{"embeddable":true,"href":"https:\/\/latour-travelpoints.de\/de\/wp-json\/wp\/v2\/media\/1765"}],"wp:attachment":[{"href":"https:\/\/latour-travelpoints.de\/de\/wp-json\/wp\/v2\/media?parent=1582"}],"wp:term":[{"taxonomy":"brand","embeddable":true,"href":"https:\/\/latour-travelpoints.de\/de\/wp-json\/wp\/v2\/etheme_brands?post=1582"},{"taxonomy":"product_brand","embeddable":true,"href":"https:\/\/latour-travelpoints.de\/de\/wp-json\/wp\/v2\/product_brand?post=1582"},{"taxonomy":"product_cat","embeddable":true,"href":"https:\/\/latour-travelpoints.de\/de\/wp-json\/wp\/v2\/product_cat?post=1582"},{"taxonomy":"product_tag","embeddable":true,"href":"https:\/\/latour-travelpoints.de\/de\/wp-json\/wp\/v2\/product_tag?post=1582"}],"curies":[{"name":"wp","href":"https:\/\/api.w.org\/{rel}","templated":true}]}}