{"id":1703,"date":"2024-12-03T11:43:52","date_gmt":"2024-12-03T11:43:52","guid":{"rendered":"https:\/\/latour-travelpoints.de\/?post_type=product&#038;p=1703"},"modified":"2024-12-11T14:49:15","modified_gmt":"2024-12-11T13:49:15","slug":"cadeaubon-e-25","status":"publish","type":"product","link":"https:\/\/latour-travelpoints.de\/de\/produkt\/cadeaubon-e-25\/","title":{"rendered":"Gutschein 25 \u20ac"},"content":{"rendered":"<p><strong>Geschenkgutschein von 25 Euro - Das perfekte Geschenk f\u00fcr Reisende (und sich selbst)!<\/strong><\/p>\n<p>Suchen Sie ein Geschenk f\u00fcr einen Reiseliebhaber oder m\u00f6chten Sie sich selbst eine Freude machen? Unser <strong>25 Euro Geschenkgutschein<\/strong> ist die ideale Wahl! Dieser Gutschein kann bei zuk\u00fcnftigen Buchungen in unserem Reiseb\u00fcro eingel\u00f6st werden, so dass Sie bei Ihrem n\u00e4chsten Abenteuer zus\u00e4tzliche Vorteile genie\u00dfen k\u00f6nnen.<\/p>\n<h3><strong>Merkmale:<\/strong><\/h3>\n<ul>\n<li><strong>Gutschein \u00fcber 25 Euro<\/strong>: F\u00fcr alle zuk\u00fcnftigen Buchungen bei unserem Reiseb\u00fcro zu verwenden.<\/li>\n<li><strong>Flexibel austauschbar<\/strong>: Verwenden Sie den Geschenkgutschein, um Urlaube, Reisen oder andere Dienstleistungen zu buchen, die wir anbieten.<\/li>\n<li><strong>F\u00fcr Sie selbst oder als Geschenk<\/strong>Perfekt f\u00fcr jede Gelegenheit, egal ob Sie sich selbst verw\u00f6hnen oder jemand anderem eine gro\u00dfe \u00dcberraschung bereiten wollen.<\/li>\n<\/ul>\n<p>Geben Sie den <strong>25 Euro Geschenkgutschein<\/strong> und verschenken Sie eine Welt voller Reisevergn\u00fcgen - f\u00fcr andere oder f\u00fcr sich selbst!<\/p>","protected":false},"excerpt":{"rendered":"<p>Cadeaubon van 25 euro \u2013 Het perfecte cadeau voor de reiziger (en voor jezelf)! Op zoek naar een cadeau voor een reisliefhebber of wil je&#8230;<\/p>","protected":false},"featured_media":1749,"template":"","meta":[],"etheme_brands":[],"product_brand":[],"product_cat":[68],"product_tag":[],"class_list":{"0":"post-1703","1":"product","2":"type-product","3":"status-publish","4":"has-post-thumbnail","6":"product_cat-cadeaubonnen","8":"first","9":"instock","10":"shipping-taxable","11":"purchasable","12":"product-type-simple"},"_links":{"self":[{"href":"https:\/\/latour-travelpoints.de\/de\/wp-json\/wp\/v2\/product\/1703","targetHints":{"allow":["GET"]}}],"collection":[{"href":"https:\/\/latour-travelpoints.de\/de\/wp-json\/wp\/v2\/product"}],"about":[{"href":"https:\/\/latour-travelpoints.de\/de\/wp-json\/wp\/v2\/types\/product"}],"version-history":[{"count":2,"href":"https:\/\/latour-travelpoints.de\/de\/wp-json\/wp\/v2\/product\/1703\/revisions"}],"predecessor-version":[{"id":1931,"href":"https:\/\/latour-travelpoints.de\/de\/wp-json\/wp\/v2\/product\/1703\/revisions\/1931"}],"wp:featuredmedia":[{"embeddable":true,"href":"https:\/\/latour-travelpoints.de\/de\/wp-json\/wp\/v2\/media\/1749"}],"wp:attachment":[{"href":"https:\/\/latour-travelpoints.de\/de\/wp-json\/wp\/v2\/media?parent=1703"}],"wp:term":[{"taxonomy":"brand","embeddable":true,"href":"https:\/\/latour-travelpoints.de\/de\/wp-json\/wp\/v2\/etheme_brands?post=1703"},{"taxonomy":"product_brand","embeddable":true,"href":"https:\/\/latour-travelpoints.de\/de\/wp-json\/wp\/v2\/product_brand?post=1703"},{"taxonomy":"product_cat","embeddable":true,"href":"https:\/\/latour-travelpoints.de\/de\/wp-json\/wp\/v2\/product_cat?post=1703"},{"taxonomy":"product_tag","embeddable":true,"href":"https:\/\/latour-travelpoints.de\/de\/wp-json\/wp\/v2\/product_tag?post=1703"}],"curies":[{"name":"wp","href":"https:\/\/api.w.org\/{rel}","templated":true}]}}