{"id":1710,"date":"2024-12-03T11:47:41","date_gmt":"2024-12-03T11:47:41","guid":{"rendered":"https:\/\/latour-travelpoints.de\/?post_type=product&#038;p=1710"},"modified":"2024-12-11T14:52:46","modified_gmt":"2024-12-11T13:52:46","slug":"reiskussen","status":"publish","type":"product","link":"https:\/\/latour-travelpoints.de\/de\/produkt\/reiskussen\/","title":{"rendered":"Reisekopfkissen"},"content":{"rendered":"<p><strong>Graues Nackenkissen mit Augenmaske - Komfort f\u00fcr unterwegs!<\/strong><\/p>\n<p>Machen Sie Ihre Flugreise bequemer mit diesem <strong>Nackenkissen grau<\/strong>ideal f\u00fcr lange Fl\u00fcge oder Reisen. Dieses weiche, ergonomische Kissen bietet die perfekte Unterst\u00fctzung f\u00fcr Ihren Nacken und erm\u00f6glicht es Ihnen, sich zu entspannen und die Reise ohne Schmerzen oder Unbehagen zu \u00fcberstehen. Als Bonus erhalten Sie ein <strong>Augenmaske<\/strong>So k\u00f6nnen Sie auch unterwegs ein wenig Ruhe und Privatsph\u00e4re genie\u00dfen.<\/p>\n<h3><strong>Merkmale:<\/strong><\/h3>\n<ul>\n<li><strong>Ergonomisches graues Nackenkissen<\/strong>Das Kissen wurde speziell entwickelt, um Ihren Nacken zu st\u00fctzen und zu entlasten, damit Sie auf Reisen bequem schlafen oder entspannen k\u00f6nnen.<\/li>\n<li><strong>Augenmaske als Bonus<\/strong>Die weiche Augenmaske hilft Ihnen, sich zu entspannen, indem sie das Licht abschirmt und f\u00fcr zus\u00e4tzlichen Komfort beim Schlafen im Flugzeug sorgt.<\/li>\n<li><strong>Kompakt und praktisch<\/strong>Nackenkissen: Das Nackenkissen ist leicht und einfach zu transportieren, so dass Sie es immer in Reichweite haben, wenn Sie es brauchen.<\/li>\n<\/ul>\n<p>Ob Sie einen langen Flug oder eine Autoreise vor sich haben, dieses <strong>graues Nackenkissen mit Augenmaske<\/strong> sorgt daf\u00fcr, dass Sie entspannt und ausgeruht an Ihrem Ziel ankommen.<\/p>","protected":false},"excerpt":{"rendered":"<p>Grijs Nekkussen met Oogmasker \u2013 Comfort voor onderweg! Maak je vliegreis comfortabeler met dit grijze nekkussen, ideaal voor lange vluchten of reizen. Dit zachte, ergonomische&#8230;<\/p>","protected":false},"featured_media":1751,"template":"","meta":[],"etheme_brands":[],"product_brand":[],"product_cat":[80],"product_tag":[],"class_list":{"0":"post-1710","1":"product","2":"type-product","3":"status-publish","4":"has-post-thumbnail","6":"product_cat-overige","8":"first","9":"instock","10":"sold-individually","11":"shipping-taxable","12":"purchasable","13":"product-type-simple"},"_links":{"self":[{"href":"https:\/\/latour-travelpoints.de\/de\/wp-json\/wp\/v2\/product\/1710","targetHints":{"allow":["GET"]}}],"collection":[{"href":"https:\/\/latour-travelpoints.de\/de\/wp-json\/wp\/v2\/product"}],"about":[{"href":"https:\/\/latour-travelpoints.de\/de\/wp-json\/wp\/v2\/types\/product"}],"version-history":[{"count":2,"href":"https:\/\/latour-travelpoints.de\/de\/wp-json\/wp\/v2\/product\/1710\/revisions"}],"predecessor-version":[{"id":1937,"href":"https:\/\/latour-travelpoints.de\/de\/wp-json\/wp\/v2\/product\/1710\/revisions\/1937"}],"wp:featuredmedia":[{"embeddable":true,"href":"https:\/\/latour-travelpoints.de\/de\/wp-json\/wp\/v2\/media\/1751"}],"wp:attachment":[{"href":"https:\/\/latour-travelpoints.de\/de\/wp-json\/wp\/v2\/media?parent=1710"}],"wp:term":[{"taxonomy":"brand","embeddable":true,"href":"https:\/\/latour-travelpoints.de\/de\/wp-json\/wp\/v2\/etheme_brands?post=1710"},{"taxonomy":"product_brand","embeddable":true,"href":"https:\/\/latour-travelpoints.de\/de\/wp-json\/wp\/v2\/product_brand?post=1710"},{"taxonomy":"product_cat","embeddable":true,"href":"https:\/\/latour-travelpoints.de\/de\/wp-json\/wp\/v2\/product_cat?post=1710"},{"taxonomy":"product_tag","embeddable":true,"href":"https:\/\/latour-travelpoints.de\/de\/wp-json\/wp\/v2\/product_tag?post=1710"}],"curies":[{"name":"wp","href":"https:\/\/api.w.org\/{rel}","templated":true}]}}