{"id":1756,"date":"2024-12-05T12:59:38","date_gmt":"2024-12-05T12:59:38","guid":{"rendered":"https:\/\/latour-travelpoints.de\/?post_type=product&#038;p=1756"},"modified":"2024-12-11T14:55:17","modified_gmt":"2024-12-11T13:55:17","slug":"packing-cubes","status":"publish","type":"product","link":"https:\/\/latour-travelpoints.de\/de\/produkt\/packing-cubes\/","title":{"rendered":"Packungsw\u00fcrfel"},"content":{"rendered":"<p><strong>7-teiliges Set von Packw\u00fcrfeln - Organisieren Sie Ihr Gep\u00e4ck wie ein Profi!<\/strong><\/p>\n<p>Machen Sie Ihre Reise noch einfacher mit diesen <strong>7-teiliges Set von Packw\u00fcrfeln<\/strong>. Perfekt, um Ihr Gep\u00e4ck effizient zu packen, Ihre Kleidung und Accessoires zu organisieren und Ihnen einen schnellen Zugriff auf alles, was Sie brauchen, zu erm\u00f6glichen. Dieses Set ist ideal f\u00fcr kurze und lange Reisen oder f\u00fcr alle, die ihr Gep\u00e4ck ordentlich und aufger\u00e4umt halten m\u00f6chten.<\/p>\n<h3><strong>Merkmale:<\/strong><\/h3>\n<ul>\n<li><strong>Satz mit 7 W\u00fcrfeln<\/strong>Das Set besteht aus verschiedenen Gr\u00f6\u00dfen, so dass Sie alle Ihre Sachen organisieren k\u00f6nnen - von Kleidung bis hin zu Toilettenartikeln und Accessoires.<\/li>\n<li><strong>Effiziente Nutzung des Raums<\/strong>: Dank seiner Kompressionsf\u00e4higkeit sparen Sie viel Platz in Ihrem Koffer und k\u00f6nnen mehr transportieren, ohne dass Ihr Gep\u00e4ck ausbeult.<\/li>\n<li><strong>Robustes und atmungsaktives Material<\/strong>Die W\u00fcrfel sind aus strapazierf\u00e4higem und atmungsaktivem Material gefertigt, so dass Ihre Kleidung gut bel\u00fcftet bleibt und weniger Falten wirft.<\/li>\n<li><strong>Leicht zu verpacken<\/strong>Praktische Rei\u00dfverschl\u00fcsse und verschiedene Gr\u00f6\u00dfen machen es einfach, alles zu verstauen und schnell wiederzufinden.<\/li>\n<li><strong>Ideal f\u00fcr verschiedene Arten von Reisen<\/strong>Ob Sie ein Wochenende verreisen oder einen l\u00e4ngeren Urlaub planen, dieses Set sorgt daf\u00fcr, dass Ihr Gep\u00e4ck immer organisiert bleibt.<\/li>\n<\/ul>\n<p>Mit diesem <strong>7-teiliges Set von Packw\u00fcrfeln<\/strong> h\u00e4lt Ihr Gep\u00e4ck ordentlich und organisiert, so dass Sie auf Ihrer Reise immer schnell finden k\u00f6nnen, was Sie brauchen.<\/p>","protected":false},"excerpt":{"rendered":"<p>7-delige Set Packing Cubes \u2013 Organiseer je bagage als een pro! Maak je reis n\u00f3g gemakkelijker met deze 7-delige set packing cubes. Perfect voor het&#8230;<\/p>","protected":false},"featured_media":1750,"template":"","meta":[],"etheme_brands":[],"product_brand":[],"product_cat":[69],"product_tag":[],"class_list":{"0":"post-1756","1":"product","2":"type-product","3":"status-publish","4":"has-post-thumbnail","6":"product_cat-bagage","8":"first","9":"instock","10":"shipping-taxable","11":"purchasable","12":"product-type-simple"},"_links":{"self":[{"href":"https:\/\/latour-travelpoints.de\/de\/wp-json\/wp\/v2\/product\/1756","targetHints":{"allow":["GET"]}}],"collection":[{"href":"https:\/\/latour-travelpoints.de\/de\/wp-json\/wp\/v2\/product"}],"about":[{"href":"https:\/\/latour-travelpoints.de\/de\/wp-json\/wp\/v2\/types\/product"}],"version-history":[{"count":2,"href":"https:\/\/latour-travelpoints.de\/de\/wp-json\/wp\/v2\/product\/1756\/revisions"}],"predecessor-version":[{"id":1940,"href":"https:\/\/latour-travelpoints.de\/de\/wp-json\/wp\/v2\/product\/1756\/revisions\/1940"}],"wp:featuredmedia":[{"embeddable":true,"href":"https:\/\/latour-travelpoints.de\/de\/wp-json\/wp\/v2\/media\/1750"}],"wp:attachment":[{"href":"https:\/\/latour-travelpoints.de\/de\/wp-json\/wp\/v2\/media?parent=1756"}],"wp:term":[{"taxonomy":"brand","embeddable":true,"href":"https:\/\/latour-travelpoints.de\/de\/wp-json\/wp\/v2\/etheme_brands?post=1756"},{"taxonomy":"product_brand","embeddable":true,"href":"https:\/\/latour-travelpoints.de\/de\/wp-json\/wp\/v2\/product_brand?post=1756"},{"taxonomy":"product_cat","embeddable":true,"href":"https:\/\/latour-travelpoints.de\/de\/wp-json\/wp\/v2\/product_cat?post=1756"},{"taxonomy":"product_tag","embeddable":true,"href":"https:\/\/latour-travelpoints.de\/de\/wp-json\/wp\/v2\/product_tag?post=1756"}],"curies":[{"name":"wp","href":"https:\/\/api.w.org\/{rel}","templated":true}]}}