{"id":1768,"date":"2024-12-05T13:20:30","date_gmt":"2024-12-05T13:20:30","guid":{"rendered":"https:\/\/latour-travelpoints.de\/?post_type=product&#038;p=1768"},"modified":"2024-12-11T14:46:10","modified_gmt":"2024-12-11T13:46:10","slug":"samsonite-dream-rider","status":"publish","type":"product","link":"https:\/\/latour-travelpoints.de\/de\/produkt\/samsonite-dream-rider\/","title":{"rendered":"Samsonite Dream Rider"},"content":{"rendered":"<p><strong>Samsonite Dream Rider - Der ideale Reisebegleiter f\u00fcr Ihr Kind!<\/strong><\/p>\n<p>Machen Sie jede Reise zu einem Abenteuer mit dem <strong>Samsonite Dream Rider<\/strong>ein innovatives und spielerisches Produkt, das Ihren Kindern das Reisen nicht nur erleichtert, sondern auch viel mehr Spa\u00df macht. Dieses einzigartige Kindergep\u00e4ck ist als Fahrgesch\u00e4ft konzipiert, mit dem Ihr Kind auf Reisen Spa\u00df haben kann. Die <strong>Samsonite Dream Rider<\/strong> ist Trolley und Spielzeug in einem und bietet Komfort, Sicherheit und Spa\u00df auf jeder Reise.<\/p>\n<h3><strong>Sie haben die Wahl zwischen drei niedlichen Designs:<\/strong><\/h3>\n<p>Die <strong>Samsonite Dream Rider<\/strong> ist in drei niedlichen Tiermotiven erh\u00e4ltlich, so dass sich Ihr Kind seinen Lieblingsfreund aussuchen kann, um gemeinsam Abenteuer zu erleben:<\/p>\n<ul>\n<li><strong>Zebra<\/strong> - Mit seinen schwarzen und wei\u00dfen Streifen und seinem lustigen Aussehen ist das Zebra ein echter Hingucker! Dieses Design ist perfekt f\u00fcr Kinder, die Tiere und Abenteuer lieben.<\/li>\n<li><strong>Welpe<\/strong> - Das niedliche H\u00fcndchen ist ein weicher, verspielter Begleiter, der den Reisekomfort erh\u00f6ht. Mit seinen niedlichen Ohren und seinem fr\u00f6hlichen Aussehen zaubert er Ihrem Kind auf jeder Reise ein L\u00e4cheln ins Gesicht.<\/li>\n<li><strong>Giraffe<\/strong> - Die Giraffe ist eine elegante Wahl f\u00fcr junge Reisende, die langhalsige Tiere lieben. Das farbenfrohe und fr\u00f6hliche Design macht die Giraffe zu einer beliebten Wahl f\u00fcr Tierliebhaber.<\/li>\n<\/ul>\n<h3><strong>Warum der Samsonite Dream Rider?<\/strong><\/h3>\n<ul>\n<li><strong>Verspielte und praktische Form<\/strong>: Die <strong>Samsonite Dream Rider<\/strong> ist nicht nur eine praktische Reisetasche, sondern auch ein Spielpartner f\u00fcr Ihr Kind. Das innovative Design erm\u00f6glicht es Ihrem Kind, auf der Tasche mitzufahren, w\u00e4hrend sie gezogen wird, was die Reise f\u00fcr Ihr Kind viel angenehmer macht.<\/li>\n<li><strong>Ger\u00e4umig und funktional<\/strong>Trotz seines verspielten Aussehens bietet der Dream Rider viel Platz f\u00fcr die Kleidung, das Spielzeug und andere wichtige Dinge Ihres Kindes. Der ger\u00e4umige Innenraum und die praktische Aufteilung sorgen daf\u00fcr, dass alles ordentlich an seinem Platz bleibt.<\/li>\n<li><strong>Leicht zu tragen<\/strong>Die Tasche verf\u00fcgt \u00fcber einen ausziehbaren Griff, der es den Eltern leicht macht, den Dream Rider zu ziehen, w\u00e4hrend Ihr Kind selbst darauf sitzen kann. Die stabilen R\u00e4der sorgen daf\u00fcr, dass die Tasche auch auf unterschiedlichen Untergr\u00fcnden reibungslos rollt.<\/li>\n<li><strong>Sicherheit geht vor<\/strong>Der Samsonite Dream Rider wurde im Hinblick auf die Sicherheit Ihres Kindes entwickelt. Das robuste, langlebige Material sorgt daf\u00fcr, dass die Tasche dem hektischen Tempo des Reisens standh\u00e4lt und gleichzeitig bequem f\u00fcr Ihr Kleines ist.<\/li>\n<li><strong>Ideal f\u00fcr Kurzreisen und Urlaub<\/strong>Ob f\u00fcr einen Wochenendausflug, einen Urlaub oder einen Tagesausflug, der Dream Rider ist der perfekte Reisebegleiter f\u00fcr junge Abenteurer.<\/li>\n<\/ul>\n<h3><strong>Merkmale des Samsonite Dream Rider:<\/strong><\/h3>\n<ul>\n<li><strong>Abmessungen<\/strong>: Geeignet f\u00fcr Kinder ab 3 Jahren.<\/li>\n<li><strong>Material<\/strong>: Strapazierf\u00e4higes und leichtes Polyester.<\/li>\n<li><strong>Kapazit\u00e4t<\/strong>30 Liter, also viel Platz f\u00fcr Kleidung, Spielzeug und andere Reiseutensilien.<\/li>\n<li><strong>R\u00e4der<\/strong>: Stabile und leichtg\u00e4ngige R\u00e4der f\u00fcr optimalen Fahrkomfort.<\/li>\n<li><strong>Handgriff<\/strong>Verstellbarer, ausziehbarer Griff zum leichten Ziehen.<\/li>\n<\/ul>\n<p>Die <strong>Samsonite Dream Rider<\/strong> bietet die perfekte Kombination aus Stil, Funktionalit\u00e4t und Spa\u00df. Lassen Sie Ihr Kind eine bequeme und abenteuerliche Reise genie\u00dfen und sorgen Sie gleichzeitig daf\u00fcr, dass das Gep\u00e4ck praktisch und sicher ist. W\u00e4hlen Sie das Lieblingstier Ihres Kindes - <strong>Zebra<\/strong>, <strong>Welpe<\/strong> oder <strong>Giraffe<\/strong> - und begeben Sie sich gemeinsam auf eine unvergessliche Reise!<\/p>","protected":false},"excerpt":{"rendered":"<p>Samsonite Dream Rider \u2013 De ideale reisgenoot voor uw kleintje! Maak van elke reis een avontuur met de Samsonite Dream Rider, een innovatief en speels&#8230;<\/p>","protected":false},"featured_media":1748,"template":"","meta":[],"etheme_brands":[],"product_brand":[],"product_cat":[69],"product_tag":[],"class_list":{"0":"post-1768","1":"product","2":"type-product","3":"status-publish","4":"has-post-thumbnail","6":"product_cat-bagage","8":"first","9":"instock","10":"shipping-taxable","11":"purchasable","12":"product-type-variable"},"_links":{"self":[{"href":"https:\/\/latour-travelpoints.de\/de\/wp-json\/wp\/v2\/product\/1768","targetHints":{"allow":["GET"]}}],"collection":[{"href":"https:\/\/latour-travelpoints.de\/de\/wp-json\/wp\/v2\/product"}],"about":[{"href":"https:\/\/latour-travelpoints.de\/de\/wp-json\/wp\/v2\/types\/product"}],"version-history":[{"count":3,"href":"https:\/\/latour-travelpoints.de\/de\/wp-json\/wp\/v2\/product\/1768\/revisions"}],"predecessor-version":[{"id":1928,"href":"https:\/\/latour-travelpoints.de\/de\/wp-json\/wp\/v2\/product\/1768\/revisions\/1928"}],"wp:featuredmedia":[{"embeddable":true,"href":"https:\/\/latour-travelpoints.de\/de\/wp-json\/wp\/v2\/media\/1748"}],"wp:attachment":[{"href":"https:\/\/latour-travelpoints.de\/de\/wp-json\/wp\/v2\/media?parent=1768"}],"wp:term":[{"taxonomy":"brand","embeddable":true,"href":"https:\/\/latour-travelpoints.de\/de\/wp-json\/wp\/v2\/etheme_brands?post=1768"},{"taxonomy":"product_brand","embeddable":true,"href":"https:\/\/latour-travelpoints.de\/de\/wp-json\/wp\/v2\/product_brand?post=1768"},{"taxonomy":"product_cat","embeddable":true,"href":"https:\/\/latour-travelpoints.de\/de\/wp-json\/wp\/v2\/product_cat?post=1768"},{"taxonomy":"product_tag","embeddable":true,"href":"https:\/\/latour-travelpoints.de\/de\/wp-json\/wp\/v2\/product_tag?post=1768"}],"curies":[{"name":"wp","href":"https:\/\/api.w.org\/{rel}","templated":true}]}}